{"id":1088,"date":"2017-09-23T19:20:51","date_gmt":"2017-09-24T00:20:51","guid":{"rendered":"http:\/\/160.153.72.166\/~a244xepwj5q7\/how-to-apply\/"},"modified":"2018-02-27T05:48:48","modified_gmt":"2018-02-27T10:48:48","slug":"comment-sinscrire","status":"publish","type":"page","link":"https:\/\/cmu.edu.jm\/fr\/admission\/comment-sinscrire\/","title":{"rendered":"Comment s&rsquo;inscrire"},"content":{"rendered":"[vc_row type=\u00a0\u00bbin_container\u00a0\u00bb full_screen_row_position=\u00a0\u00bbmiddle\u00a0\u00bb scene_position=\u00a0\u00bbcenter\u00a0\u00bb text_color=\u00a0\u00bbdark\u00a0\u00bb text_align=\u00a0\u00bbleft\u00a0\u00bb overlay_strength=\u00a0\u00bb0.3&Prime;][vc_column column_padding=\u00a0\u00bbno-extra-padding\u00a0\u00bb column_padding_position=\u00a0\u00bball\u00a0\u00bb background_color_opacity=\u00a0\u00bb1&Prime; background_hover_color_opacity=\u00a0\u00bb1&Prime; column_shadow=\u00a0\u00bbnone\u00a0\u00bb width=\u00a0\u00bb1\/4&Prime; tablet_text_alignment=\u00a0\u00bbdefault\u00a0\u00bb phone_text_alignment=\u00a0\u00bbdefault\u00a0\u00bb column_border_width=\u00a0\u00bbnone\u00a0\u00bb column_border_style=\u00a0\u00bbsolid\u00a0\u00bb][\/vc_column][vc_column column_padding=\u00a0\u00bbno-extra-padding\u00a0\u00bb column_padding_position=\u00a0\u00bball\u00a0\u00bb background_color_opacity=\u00a0\u00bb1&Prime; background_hover_color_opacity=\u00a0\u00bb1&Prime; column_shadow=\u00a0\u00bbnone\u00a0\u00bb width=\u00a0\u00bb1\/2&Prime; tablet_text_alignment=\u00a0\u00bbdefault\u00a0\u00bb phone_text_alignment=\u00a0\u00bbdefault\u00a0\u00bb column_border_width=\u00a0\u00bbnone\u00a0\u00bb column_border_style=\u00a0\u00bbsolid\u00a0\u00bb]<div class=\"divider-wrap\"><div style=\"height: 25px;\" class=\"divider\"><\/div><\/div>[vc_custom_heading text=\u00a0\u00bbS\u2019inscrire \u00e0 la CMU\u00a0\u00bb use_theme_fonts=\u00a0\u00bbyes\u00a0\u00bb]<div class=\"nectar-fancy-ul\" data-list-icon=\"icon-salient-thin-line\" data-animation=\"false\" data-animation-delay=\"0\" data-color=\"accent-color\" data-alignment=\"left\"> \n<ol>\n<li style=\"text-align: left;\">Cliquez sur \u00ab\u00a0Inscrivez-vous\u00a0\u00bb ci-dessous.<\/li>\n<li style=\"text-align: left;\">Remplissez toutes les sections obligatoires de la demande en ligne.<\/li>\n<li style=\"text-align: left;\">T\u00e9l\u00e9chargez une photo (format .jpg ou .png uniquement).<\/li>\n<li style=\"text-align: left;\">T\u00e9l\u00e9chargez une copie de votre acte de naissance, de votre passeport. T\u00e9l\u00e9chargez votre passeport si vous vous inscrivez \u00e0 la Facult\u00e9 des \u00e9tudes marines et nautiques.<\/li>\n<li>T\u00e9l\u00e9chargez vos dipl\u00f4mes acad\u00e9miques.<\/li>\n<li>Revoyez votre demande une fois compl\u00e9t\u00e9e et soumettez-la.<\/li>\n<\/ol>\n <\/div>[nectar_btn size=\u00a0\u00bbmedium\u00a0\u00bb open_new_tab=\u00a0\u00bbtrue\u00a0\u00bb button_style=\u00a0\u00bbregular\u00a0\u00bb button_color_2=\u00a0\u00bbExtra-Color-2&Prime; icon_family=\u00a0\u00bbnone\u00a0\u00bb url=\u00a0\u00bbhttps:\/\/srs.cmu.edu.jm\/web\/signup\u00a0\u00bb text=\u00a0\u00bbInscrivez-vous\u00a0\u00bb css_animation=\u00a0\u00bbpulse\u00a0\u00bb][vc_column_text]\n<p style=\"text-align: left;\">Pour toutes questions sur l\u2019inscription, veuillez nous \u00e9crire \u00e0\u00a0<a href=\"mailto:apply@cmu.edu.jm\">\u00a0apply@cmu.edu.jm<\/a><\/p>\n[\/vc_column_text][\/vc_column][vc_column column_padding=\u00a0\u00bbno-extra-padding\u00a0\u00bb column_padding_position=\u00a0\u00bball\u00a0\u00bb background_color_opacity=\u00a0\u00bb1&Prime; background_hover_color_opacity=\u00a0\u00bb1&Prime; column_shadow=\u00a0\u00bbnone\u00a0\u00bb width=\u00a0\u00bb1\/4&Prime; tablet_text_alignment=\u00a0\u00bbdefault\u00a0\u00bb phone_text_alignment=\u00a0\u00bbdefault\u00a0\u00bb column_border_width=\u00a0\u00bbnone\u00a0\u00bb column_border_style=\u00a0\u00bbsolid\u00a0\u00bb][\/vc_column][\/vc_row]\n","protected":false},"excerpt":{"rendered":"<p>[vc_row type=\u00a0\u00bbin_container\u00a0\u00bb full_screen_row_position=\u00a0\u00bbmiddle\u00a0\u00bb scene_position=\u00a0\u00bbcenter\u00a0\u00bb text_color=\u00a0\u00bbdark\u00a0\u00bb text_align=\u00a0\u00bbleft\u00a0\u00bb overlay_strength=\u00a0\u00bb0.3&Prime;][vc_column column_padding=\u00a0\u00bbno-extra-padding\u00a0\u00bb column_padding_position=\u00a0\u00bball\u00a0\u00bb background_color_opacity=\u00a0\u00bb1&Prime; background_hover_color_opacity=\u00a0\u00bb1&Prime; column_shadow=\u00a0\u00bbnone\u00a0\u00bb width=\u00a0\u00bb1\/4&Prime; tablet_text_alignment=\u00a0\u00bbdefault\u00a0\u00bb phone_text_alignment=\u00a0\u00bbdefault\u00a0\u00bb column_border_width=\u00a0\u00bbnone\u00a0\u00bb column_border_style=\u00a0\u00bbsolid\u00a0\u00bb][\/vc_column][vc_column column_padding=\u00a0\u00bbno-extra-padding\u00a0\u00bb column_padding_position=\u00a0\u00bball\u00a0\u00bb background_color_opacity=\u00a0\u00bb1&Prime; background_hover_color_opacity=\u00a0\u00bb1&Prime; column_shadow=\u00a0\u00bbnone\u00a0\u00bb width=\u00a0\u00bb1\/2&Prime; tablet_text_alignment=\u00a0\u00bbdefault\u00a0\u00bb phone_text_alignment=\u00a0\u00bbdefault\u00a0\u00bb column_border_width=\u00a0\u00bbnone\u00a0\u00bb column_border_style=\u00a0\u00bbsolid\u00a0\u00bb][vc_custom_heading text=\u00a0\u00bbS\u2019inscrire \u00e0 la&#8230;<\/p>\n","protected":false},"author":8,"featured_media":0,"parent":1192,"menu_order":0,"comment_status":"closed","ping_status":"closed","template":"","meta":{"footnotes":""},"aioseo_notices":[],"_links":{"self":[{"href":"https:\/\/cmu.edu.jm\/fr\/wp-json\/wp\/v2\/pages\/1088"}],"collection":[{"href":"https:\/\/cmu.edu.jm\/fr\/wp-json\/wp\/v2\/pages"}],"about":[{"href":"https:\/\/cmu.edu.jm\/fr\/wp-json\/wp\/v2\/types\/page"}],"author":[{"embeddable":true,"href":"https:\/\/cmu.edu.jm\/fr\/wp-json\/wp\/v2\/users\/8"}],"replies":[{"embeddable":true,"href":"https:\/\/cmu.edu.jm\/fr\/wp-json\/wp\/v2\/comments?post=1088"}],"version-history":[{"count":3,"href":"https:\/\/cmu.edu.jm\/fr\/wp-json\/wp\/v2\/pages\/1088\/revisions"}],"predecessor-version":[{"id":1208,"href":"https:\/\/cmu.edu.jm\/fr\/wp-json\/wp\/v2\/pages\/1088\/revisions\/1208"}],"up":[{"embeddable":true,"href":"https:\/\/cmu.edu.jm\/fr\/wp-json\/wp\/v2\/pages\/1192"}],"wp:attachment":[{"href":"https:\/\/cmu.edu.jm\/fr\/wp-json\/wp\/v2\/media?parent=1088"}],"curies":[{"name":"wp","href":"https:\/\/api.w.org\/{rel}","templated":true}]}}