{"id":1120,"date":"2017-09-27T22:53:14","date_gmt":"2017-09-28T03:53:14","guid":{"rendered":"http:\/\/160.153.72.166\/~a244xepwj5q7\/a-propos-de-cmu\/leadership-de-la-cmu\/university-council\/"},"modified":"2018-02-20T07:59:52","modified_gmt":"2018-02-20T12:59:52","slug":"conseil-de-luniversite","status":"publish","type":"page","link":"https:\/\/cmu.edu.jm\/fr\/a-propos-de-cmu\/leadership-de-la-cmu\/conseil-de-luniversite\/","title":{"rendered":"Conseil de l&rsquo;Universit\u00e9"},"content":{"rendered":"[vc_row type=\u00a0\u00bbin_container\u00a0\u00bb full_screen_row_position=\u00a0\u00bbmiddle\u00a0\u00bb scene_position=\u00a0\u00bbcenter\u00a0\u00bb text_color=\u00a0\u00bbdark\u00a0\u00bb text_align=\u00a0\u00bbleft\u00a0\u00bb overlay_strength=\u00a0\u00bb0.3&Prime;][vc_column column_padding=\u00a0\u00bbno-extra-padding\u00a0\u00bb column_padding_position=\u00a0\u00bball\u00a0\u00bb background_color_opacity=\u00a0\u00bb1&Prime; background_hover_color_opacity=\u00a0\u00bb1&Prime; column_shadow=\u00a0\u00bbnone\u00a0\u00bb width=\u00a0\u00bb1\/4&Prime; tablet_text_alignment=\u00a0\u00bbdefault\u00a0\u00bb phone_text_alignment=\u00a0\u00bbdefault\u00a0\u00bb column_border_width=\u00a0\u00bbnone\u00a0\u00bb column_border_style=\u00a0\u00bbsolid\u00a0\u00bb][\/vc_column][vc_column column_padding=\u00a0\u00bbno-extra-padding\u00a0\u00bb column_padding_position=\u00a0\u00bball\u00a0\u00bb background_color_opacity=\u00a0\u00bb1&Prime; background_hover_color_opacity=\u00a0\u00bb1&Prime; column_shadow=\u00a0\u00bbnone\u00a0\u00bb width=\u00a0\u00bb1\/2&Prime; tablet_text_alignment=\u00a0\u00bbdefault\u00a0\u00bb phone_text_alignment=\u00a0\u00bbdefault\u00a0\u00bb column_border_width=\u00a0\u00bbnone\u00a0\u00bb column_border_style=\u00a0\u00bbsolid\u00a0\u00bb][vc_custom_heading text=\u00a0\u00bbConseil de l&rsquo;Universit\u00e9\u00a0\u00bb use_theme_fonts=\u00a0\u00bbyes\u00a0\u00bb][vc_column_text]<strong>L\u2019arr\u00eat\u00e9 de 2016 relatif \u00e0 la Caribbean Maritime University\u00a0 pr\u00e9voit un Conseil pour la gestion des affaires et \u00a0la direction strat\u00e9gique de l&rsquo;universit\u00e9.<\/strong><\/p>\n<p><strong>Ce Conseil est compos\u00e9 de 19 membres \u00e9lus et nomm\u00e9s qui proviennent de l&rsquo;industrie, du gouvernement, d&rsquo;institutions tertiaires et du Leadership de la CMU.<\/strong><\/p>\n<p><strong>Le Conseil de la CMU est pr\u00e9sid\u00e9 par Mme Hyacinth Bennett (photo \u00e0 droite).<\/strong>[\/vc_column_text][\/vc_column][vc_column column_padding=\u00a0\u00bbno-extra-padding\u00a0\u00bb column_padding_position=\u00a0\u00bball\u00a0\u00bb background_color_opacity=\u00a0\u00bb1&Prime; background_hover_color_opacity=\u00a0\u00bb1&Prime; column_shadow=\u00a0\u00bbnone\u00a0\u00bb width=\u00a0\u00bb1\/4&Prime; tablet_text_alignment=\u00a0\u00bbdefault\u00a0\u00bb phone_text_alignment=\u00a0\u00bbdefault\u00a0\u00bb column_border_width=\u00a0\u00bbnone\u00a0\u00bb column_border_style=\u00a0\u00bbsolid\u00a0\u00bb]<div class=\"img-with-aniamtion-wrap \" data-max-width=\"100%\"><div class=\"inner\"><img loading=\"lazy\" decoding=\"async\" data-shadow=\"none\" data-shadow-direction=\"middle\" class=\"img-with-animation \" data-delay=\"0\" height=\"355\" width=\"355\" data-animation=\"fade-in\" src=\"https:\/\/cmu.edu.jm\/wp-content\/uploads\/2017\/09\/NewHyacinthBennettphoto.png\" srcset=\"https:\/\/cmu.edu.jm\/wp-content\/uploads\/2017\/09\/NewHyacinthBennettphoto.png 355w, https:\/\/cmu.edu.jm\/wp-content\/uploads\/2017\/09\/NewHyacinthBennettphoto-150x150.png 150w, https:\/\/cmu.edu.jm\/wp-content\/uploads\/2017\/09\/NewHyacinthBennettphoto-300x300.png 300w, https:\/\/cmu.edu.jm\/wp-content\/uploads\/2017\/09\/NewHyacinthBennettphoto-100x100.png 100w, https:\/\/cmu.edu.jm\/wp-content\/uploads\/2017\/09\/NewHyacinthBennettphoto-350x350.png 350w\" sizes=\"100vw\" alt=\"\" \/><\/div><\/div>[vc_column_text]\n<h5>Hyacinth Bennett, pr\u00e9sidente du Conseil de la CMU,\u00a0 ancienne s\u00e9natrice gouvernementale, est la fondatrice du groupe d&rsquo;\u00e9coles Hydel\u00a0 qui englobe l\u2019universit\u00e9 Hydel.\u00a0 C\u2019 est une professeure renomm\u00e9e qui a re\u00e7u le Prix du Gouverneur g\u00e9n\u00e9ral pour ses services exceptionnels rendus \u00e0 l&rsquo;\u00e9ducation.<\/h5>\n[\/vc_column_text][\/vc_column][\/vc_row]\n","protected":false},"excerpt":{"rendered":"<p>[vc_row type=\u00a0\u00bbin_container\u00a0\u00bb full_screen_row_position=\u00a0\u00bbmiddle\u00a0\u00bb scene_position=\u00a0\u00bbcenter\u00a0\u00bb text_color=\u00a0\u00bbdark\u00a0\u00bb text_align=\u00a0\u00bbleft\u00a0\u00bb overlay_strength=\u00a0\u00bb0.3&Prime;][vc_column column_padding=\u00a0\u00bbno-extra-padding\u00a0\u00bb column_padding_position=\u00a0\u00bball\u00a0\u00bb background_color_opacity=\u00a0\u00bb1&Prime; background_hover_color_opacity=\u00a0\u00bb1&Prime; column_shadow=\u00a0\u00bbnone\u00a0\u00bb width=\u00a0\u00bb1\/4&Prime; tablet_text_alignment=\u00a0\u00bbdefault\u00a0\u00bb phone_text_alignment=\u00a0\u00bbdefault\u00a0\u00bb column_border_width=\u00a0\u00bbnone\u00a0\u00bb column_border_style=\u00a0\u00bbsolid\u00a0\u00bb][\/vc_column][vc_column column_padding=\u00a0\u00bbno-extra-padding\u00a0\u00bb column_padding_position=\u00a0\u00bball\u00a0\u00bb background_color_opacity=\u00a0\u00bb1&Prime; background_hover_color_opacity=\u00a0\u00bb1&Prime; column_shadow=\u00a0\u00bbnone\u00a0\u00bb width=\u00a0\u00bb1\/2&Prime; tablet_text_alignment=\u00a0\u00bbdefault\u00a0\u00bb phone_text_alignment=\u00a0\u00bbdefault\u00a0\u00bb column_border_width=\u00a0\u00bbnone\u00a0\u00bb column_border_style=\u00a0\u00bbsolid\u00a0\u00bb][vc_custom_heading text=\u00a0\u00bbConseil de l&rsquo;Universit\u00e9\u00a0\u00bb&#8230;<\/p>\n","protected":false},"author":8,"featured_media":0,"parent":1114,"menu_order":0,"comment_status":"closed","ping_status":"closed","template":"","meta":{"footnotes":""},"aioseo_notices":[],"_links":{"self":[{"href":"https:\/\/cmu.edu.jm\/fr\/wp-json\/wp\/v2\/pages\/1120"}],"collection":[{"href":"https:\/\/cmu.edu.jm\/fr\/wp-json\/wp\/v2\/pages"}],"about":[{"href":"https:\/\/cmu.edu.jm\/fr\/wp-json\/wp\/v2\/types\/page"}],"author":[{"embeddable":true,"href":"https:\/\/cmu.edu.jm\/fr\/wp-json\/wp\/v2\/users\/8"}],"replies":[{"embeddable":true,"href":"https:\/\/cmu.edu.jm\/fr\/wp-json\/wp\/v2\/comments?post=1120"}],"version-history":[{"count":3,"href":"https:\/\/cmu.edu.jm\/fr\/wp-json\/wp\/v2\/pages\/1120\/revisions"}],"predecessor-version":[{"id":1151,"href":"https:\/\/cmu.edu.jm\/fr\/wp-json\/wp\/v2\/pages\/1120\/revisions\/1151"}],"up":[{"embeddable":true,"href":"https:\/\/cmu.edu.jm\/fr\/wp-json\/wp\/v2\/pages\/1114"}],"wp:attachment":[{"href":"https:\/\/cmu.edu.jm\/fr\/wp-json\/wp\/v2\/media?parent=1120"}],"curies":[{"name":"wp","href":"https:\/\/api.w.org\/{rel}","templated":true}]}}