{"id":1126,"date":"2017-09-23T19:27:32","date_gmt":"2017-09-24T00:27:32","guid":{"rendered":"http:\/\/160.153.72.166\/~a244xepwj5q7\/a-propos-de-cmu\/mission-vision\/"},"modified":"2024-05-14T10:03:57","modified_gmt":"2024-05-14T15:03:57","slug":"la-mission-et-la-vision","status":"publish","type":"page","link":"https:\/\/cmu.edu.jm\/fr\/a-propos-de-cmu\/la-mission-et-la-vision\/","title":{"rendered":"La mission et la vision"},"content":{"rendered":"[vc_row type=\u00a0\u00bbin_container\u00a0\u00bb full_screen_row_position=\u00a0\u00bbmiddle\u00a0\u00bb scene_position=\u00a0\u00bbcenter\u00a0\u00bb text_color=\u00a0\u00bbdark\u00a0\u00bb text_align=\u00a0\u00bbleft\u00a0\u00bb overlay_strength=\u00a0\u00bb0.3&Prime;][vc_column column_padding=\u00a0\u00bbno-extra-padding\u00a0\u00bb column_padding_position=\u00a0\u00bball\u00a0\u00bb background_color_opacity=\u00a0\u00bb1&Prime; background_hover_color_opacity=\u00a0\u00bb1&Prime; column_shadow=\u00a0\u00bbnone\u00a0\u00bb width=\u00a0\u00bb1\/2&Prime; tablet_text_alignment=\u00a0\u00bbdefault\u00a0\u00bb phone_text_alignment=\u00a0\u00bbdefault\u00a0\u00bb column_border_width=\u00a0\u00bbnone\u00a0\u00bb column_border_style=\u00a0\u00bbsolid\u00a0\u00bb][vc_custom_heading text=\u00a0\u00bbLa mission et la vision de la CMU\u00a0\u00bb use_theme_fonts=\u00a0\u00bbyes\u00a0\u00bb][vc_column_text]\n<h4><\/h4>\n[\/vc_column_text][\/vc_column][\/vc_row][vc_row type=\u00a0\u00bbin_container\u00a0\u00bb full_screen_row_position=\u00a0\u00bbmiddle\u00a0\u00bb scene_position=\u00a0\u00bbcenter\u00a0\u00bb text_color=\u00a0\u00bbdark\u00a0\u00bb text_align=\u00a0\u00bbleft\u00a0\u00bb overlay_strength=\u00a0\u00bb0.3&Prime;][vc_column column_padding=\u00a0\u00bbno-extra-padding\u00a0\u00bb column_padding_position=\u00a0\u00bball\u00a0\u00bb background_color_opacity=\u00a0\u00bb1&Prime; background_hover_color_opacity=\u00a0\u00bb1&Prime; column_shadow=\u00a0\u00bbnone\u00a0\u00bb width=\u00a0\u00bb1\/1&Prime; tablet_text_alignment=\u00a0\u00bbdefault\u00a0\u00bb phone_text_alignment=\u00a0\u00bbdefault\u00a0\u00bb column_border_width=\u00a0\u00bbnone\u00a0\u00bb column_border_style=\u00a0\u00bbsolid\u00a0\u00bb][vc_column_text]\n<h2 style=\"text-align: center;\"><strong>Notre mission<\/strong><\/h2>\n<blockquote>\n<h1 style=\"text-align: center;\">\u00ab\u00a0Red\u00e9finir l\u2019excellence maritime par l\u2019\u00e9ducation, la recherche et l\u2019innovation\u00a0\u00bb<\/h1>\n<\/blockquote>\n<h6 style=\"text-align: center;\"><em>L\u2019innovation et la technologie sont, dans le domaine maritime, les forces motrices pour faire progresser l\u2019universit\u00e9.<\/em><\/h6>\n<p>&nbsp;<\/p>\n<h2 style=\"text-align: center;\"><strong>Notre vision<\/strong><\/h2>\n<blockquote>\n<h1 style=\"text-align: center;\">\u00ab\u00a0L\u2019universit\u00e9 maritime de choix pour des leaders mondiaux\u00a0\u00bb<\/h1>\n<\/blockquote>\n<h6 style=\"text-align: center;\"><em>La vision de la CMU tient dans sa capacit\u00e9 \u00e0 attirer et \u00e0 produire des leadeurs mondiaux.<\/em><\/h6>\n[\/vc_column_text][\/vc_column][\/vc_row]\n","protected":false},"excerpt":{"rendered":"<p>[vc_row type=\u00a0\u00bbin_container\u00a0\u00bb full_screen_row_position=\u00a0\u00bbmiddle\u00a0\u00bb scene_position=\u00a0\u00bbcenter\u00a0\u00bb text_color=\u00a0\u00bbdark\u00a0\u00bb text_align=\u00a0\u00bbleft\u00a0\u00bb overlay_strength=\u00a0\u00bb0.3&Prime;][vc_column column_padding=\u00a0\u00bbno-extra-padding\u00a0\u00bb column_padding_position=\u00a0\u00bball\u00a0\u00bb background_color_opacity=\u00a0\u00bb1&Prime; background_hover_color_opacity=\u00a0\u00bb1&Prime; column_shadow=\u00a0\u00bbnone\u00a0\u00bb width=\u00a0\u00bb1\/2&Prime; tablet_text_alignment=\u00a0\u00bbdefault\u00a0\u00bb phone_text_alignment=\u00a0\u00bbdefault\u00a0\u00bb column_border_width=\u00a0\u00bbnone\u00a0\u00bb column_border_style=\u00a0\u00bbsolid\u00a0\u00bb][vc_custom_heading text=\u00a0\u00bbLa mission et la vision de la CMU\u00a0\u00bb use_theme_fonts=\u00a0\u00bbyes\u00a0\u00bb][vc_column_text] [\/vc_column_text][\/vc_column][\/vc_row][vc_row type=\u00a0\u00bbin_container\u00a0\u00bb full_screen_row_position=\u00a0\u00bbmiddle\u00a0\u00bb scene_position=\u00a0\u00bbcenter\u00a0\u00bb&#8230;<\/p>\n","protected":false},"author":8,"featured_media":0,"parent":1112,"menu_order":0,"comment_status":"closed","ping_status":"closed","template":"","meta":{"footnotes":""},"aioseo_notices":[],"_links":{"self":[{"href":"https:\/\/cmu.edu.jm\/fr\/wp-json\/wp\/v2\/pages\/1126"}],"collection":[{"href":"https:\/\/cmu.edu.jm\/fr\/wp-json\/wp\/v2\/pages"}],"about":[{"href":"https:\/\/cmu.edu.jm\/fr\/wp-json\/wp\/v2\/types\/page"}],"author":[{"embeddable":true,"href":"https:\/\/cmu.edu.jm\/fr\/wp-json\/wp\/v2\/users\/8"}],"replies":[{"embeddable":true,"href":"https:\/\/cmu.edu.jm\/fr\/wp-json\/wp\/v2\/comments?post=1126"}],"version-history":[{"count":10,"href":"https:\/\/cmu.edu.jm\/fr\/wp-json\/wp\/v2\/pages\/1126\/revisions"}],"predecessor-version":[{"id":3640,"href":"https:\/\/cmu.edu.jm\/fr\/wp-json\/wp\/v2\/pages\/1126\/revisions\/3640"}],"up":[{"embeddable":true,"href":"https:\/\/cmu.edu.jm\/fr\/wp-json\/wp\/v2\/pages\/1112"}],"wp:attachment":[{"href":"https:\/\/cmu.edu.jm\/fr\/wp-json\/wp\/v2\/media?parent=1126"}],"curies":[{"name":"wp","href":"https:\/\/api.w.org\/{rel}","templated":true}]}}