{"id":1130,"date":"2017-09-26T11:39:07","date_gmt":"2017-09-26T16:39:07","guid":{"rendered":"http:\/\/160.153.72.166\/~a244xepwj5q7\/a-propos-de-cmu\/office-of-the-president\/"},"modified":"2018-02-20T04:22:56","modified_gmt":"2018-02-20T09:22:56","slug":"bureau-du-president","status":"publish","type":"page","link":"https:\/\/cmu.edu.jm\/fr\/a-propos-de-cmu\/bureau-du-president\/","title":{"rendered":"Bureau du Pr\u00e9sident"},"content":{"rendered":"[vc_row type=\u00a0\u00bbin_container\u00a0\u00bb full_screen_row_position=\u00a0\u00bbmiddle\u00a0\u00bb scene_position=\u00a0\u00bbcenter\u00a0\u00bb text_color=\u00a0\u00bbdark\u00a0\u00bb text_align=\u00a0\u00bbleft\u00a0\u00bb overlay_strength=\u00a0\u00bb0.3&Prime;][vc_column column_padding=\u00a0\u00bbno-extra-padding\u00a0\u00bb column_padding_position=\u00a0\u00bball\u00a0\u00bb background_color_opacity=\u00a0\u00bb1&Prime; background_hover_color_opacity=\u00a0\u00bb1&Prime; column_shadow=\u00a0\u00bbnone\u00a0\u00bb el_class=\u00a0\u00bbcolumn-menu\u00a0\u00bb width=\u00a0\u00bb1\/4&Prime; tablet_text_alignment=\u00a0\u00bbdefault\u00a0\u00bb phone_text_alignment=\u00a0\u00bbdefault\u00a0\u00bb column_border_width=\u00a0\u00bbnone\u00a0\u00bb column_border_style=\u00a0\u00bbsolid\u00a0\u00bb][vc_wp_custommenu nav_menu=\u00a0\u00bb4&Prime; el_class=\u00a0\u00bbfloating-menu\u00a0\u00bb][\/vc_column][vc_column column_padding=\u00a0\u00bbno-extra-padding\u00a0\u00bb column_padding_position=\u00a0\u00bball\u00a0\u00bb background_color_opacity=\u00a0\u00bb1&Prime; background_hover_color_opacity=\u00a0\u00bb1&Prime; column_shadow=\u00a0\u00bbnone\u00a0\u00bb width=\u00a0\u00bb1\/2&Prime; tablet_text_alignment=\u00a0\u00bbdefault\u00a0\u00bb phone_text_alignment=\u00a0\u00bbdefault\u00a0\u00bb column_border_width=\u00a0\u00bbnone\u00a0\u00bb column_border_style=\u00a0\u00bbsolid\u00a0\u00bb][vc_custom_heading text=\u00a0\u00bbBureau du Pr\u00e9sident\u00a0\u00bb use_theme_fonts=\u00a0\u00bbyes\u00a0\u00bb][vc_column_text]Bienvenue au bureau du Pr\u00e9sident.<\/p>\n<p>\u00c0 la CMU nous faisons les choses diff\u00e9remment. Il suffit de mettre en \u00e9vidence l\u2019adoption de la philosophie de notre strat\u00e9gie de l\u2019oc\u00e9an bleu qui inspire notre objectif de red\u00e9finir les fronti\u00e8res de l&rsquo;\u00e9ducation et de la formation maritimes en int\u00e9grant une formation technique professionnelle, des comp\u00e9tences sociales et acad\u00e9miques, afin de former des dipl\u00f4m\u00e9s pr\u00eats \u00e0 s\u2019int\u00e9grer dans l\u2019industrie munis d\u2019une comp\u00e9tence et d\u2019une certification globales pour une main d\u2019\u0153uvre en constante \u00e9volution.<\/p>\n<p>Nous sommes une institution \u00e0 port\u00e9e et perspectives mondiales. Nous repensons constamment le succ\u00e8s gr\u00e2ce \u00e0 des alliances synergiques accrues, \u00e0 la mise \u00e0 niveau des ressources technologiques, \u00e0 l&rsquo;acquisition de ressources suppl\u00e9mentaires, \u00e0 la production d&rsquo;une conscience mondiale, \u00e0 des leaders disciplin\u00e9s pr\u00eats \u00e0 s\u2019int\u00e9grer dans l&rsquo;industrie.<\/p>\n<p>Afin de servir nos \u00e9tudiants et toute autre partie prenante de mani\u00e8re efficace et totale, nous investissons dans la technologie et inspirons l&rsquo;innovation \u00e0 chaque niveau op\u00e9rationnel. Par cons\u00e9quent, la CMU est le centre de simulation des Cara\u00efbes, h\u00e9bergeant la plus grande suite de simulateurs de formation de pointe, un centre de recherche et de conseil en \u00e9nergies renouvelables ainsi que le Centre FESTO FACT, le plus grand et le plus sophistiqu\u00e9 au monde. Ce dernier est une solution cl\u00e9 en main, d&rsquo;ing\u00e9nierie allemande, qui dispense une formation de haut niveau et des certifications mondiaux en m\u00e9catronique, en automatisation, en pneumatique et dans d&rsquo;autres domaines industriels de sp\u00e9cialisation d&rsquo;importance mondiale.<\/p>\n<p>Les \u00e9tudiants de l&rsquo;Universit\u00e9 maritime des Cara\u00efbes ont l&rsquo;unique opportunit\u00e9 de profiter de ces d\u00e9veloppements qui les pr\u00e9parent au monde du travail dynamique qui les attend dans le secteur maritime, en mati\u00e8re de transport, logistique et les secteurs connexes.<\/p>\n<p>La CMU propose une approche innovante de l&rsquo;\u00e9ducation et de la formation o\u00f9 chaque programme offert est soutenu par une certification professionnelle mondiale. Par exemple, les programmes maritimes professionnels qui sont approuv\u00e9s et reconnus par l&rsquo;Organisation Maritime Internationale, et les programmes logistiques qui sont accr\u00e9dit\u00e9s par le Chartered Institute of Logistics and Transport de Londres. La CMU a \u00e9galement obtenu l&rsquo;accr\u00e9ditation institutionnelle de l&rsquo;Organisation internationale de normalisation et du Service d&rsquo;accr\u00e9ditation des coll\u00e8ges internationaux pour tous ses programmes. Nous vous pr\u00e9parons pour le monde. La Jama\u00efque n&rsquo;est qu&rsquo;une option.<\/p>\n<p>\u00c0 la CMU, les \u00e9tudiants sont encourag\u00e9s \u00e0 saisir chaque opportunit\u00e9 pour perfectionner leurs talents, d\u00e9velopper leur professionnalisme et leurs comp\u00e9tences. Ils en d\u00e9velopperont de nouvelles en poursuivant les programmes acad\u00e9miques et sociaux pertinents pour l&rsquo;industrie pouvant d\u00e9boucher sur des carri\u00e8res nouvelles et existantes. Apr\u00e8s leur cursus acad\u00e9mique \u00e0 multiples facettes, les dipl\u00f4m\u00e9s de la CMU deviennent des professionnels proactifs, socialement conscients, disciplin\u00e9s, pr\u00eats pour l&rsquo;industrie et capables d\u2019apporter des changements o\u00f9 qu\u2019ils se rendent en tant que citoyens du monde.[\/vc_column_text][\/vc_column][vc_column column_padding=\u00a0\u00bbno-extra-padding\u00a0\u00bb column_padding_position=\u00a0\u00bball\u00a0\u00bb background_color_opacity=\u00a0\u00bb1&Prime; background_hover_color_opacity=\u00a0\u00bb1&Prime; column_shadow=\u00a0\u00bbnone\u00a0\u00bb width=\u00a0\u00bb1\/4&Prime; tablet_text_alignment=\u00a0\u00bbdefault\u00a0\u00bb phone_text_alignment=\u00a0\u00bbdefault\u00a0\u00bb column_border_width=\u00a0\u00bbnone\u00a0\u00bb column_border_style=\u00a0\u00bbsolid\u00a0\u00bb][\/vc_column][\/vc_row]\n","protected":false},"excerpt":{"rendered":"<p>[vc_row type=\u00a0\u00bbin_container\u00a0\u00bb full_screen_row_position=\u00a0\u00bbmiddle\u00a0\u00bb scene_position=\u00a0\u00bbcenter\u00a0\u00bb text_color=\u00a0\u00bbdark\u00a0\u00bb text_align=\u00a0\u00bbleft\u00a0\u00bb overlay_strength=\u00a0\u00bb0.3&Prime;][vc_column column_padding=\u00a0\u00bbno-extra-padding\u00a0\u00bb column_padding_position=\u00a0\u00bball\u00a0\u00bb background_color_opacity=\u00a0\u00bb1&Prime; background_hover_color_opacity=\u00a0\u00bb1&Prime; column_shadow=\u00a0\u00bbnone\u00a0\u00bb el_class=\u00a0\u00bbcolumn-menu\u00a0\u00bb width=\u00a0\u00bb1\/4&Prime; tablet_text_alignment=\u00a0\u00bbdefault\u00a0\u00bb phone_text_alignment=\u00a0\u00bbdefault\u00a0\u00bb column_border_width=\u00a0\u00bbnone\u00a0\u00bb column_border_style=\u00a0\u00bbsolid\u00a0\u00bb][vc_wp_custommenu nav_menu=\u00a0\u00bb4&Prime; el_class=\u00a0\u00bbfloating-menu\u00a0\u00bb][\/vc_column][vc_column column_padding=\u00a0\u00bbno-extra-padding\u00a0\u00bb column_padding_position=\u00a0\u00bball\u00a0\u00bb background_color_opacity=\u00a0\u00bb1&Prime; background_hover_color_opacity=\u00a0\u00bb1&Prime; column_shadow=\u00a0\u00bbnone\u00a0\u00bb width=\u00a0\u00bb1\/2&Prime; tablet_text_alignment=\u00a0\u00bbdefault\u00a0\u00bb phone_text_alignment=\u00a0\u00bbdefault\u00a0\u00bb column_border_width=\u00a0\u00bbnone\u00a0\u00bb column_border_style=\u00a0\u00bbsolid\u00a0\u00bb][vc_custom_heading&#8230;<\/p>\n","protected":false},"author":8,"featured_media":0,"parent":1112,"menu_order":0,"comment_status":"closed","ping_status":"closed","template":"","meta":{"footnotes":""},"aioseo_notices":[],"_links":{"self":[{"href":"https:\/\/cmu.edu.jm\/fr\/wp-json\/wp\/v2\/pages\/1130"}],"collection":[{"href":"https:\/\/cmu.edu.jm\/fr\/wp-json\/wp\/v2\/pages"}],"about":[{"href":"https:\/\/cmu.edu.jm\/fr\/wp-json\/wp\/v2\/types\/page"}],"author":[{"embeddable":true,"href":"https:\/\/cmu.edu.jm\/fr\/wp-json\/wp\/v2\/users\/8"}],"replies":[{"embeddable":true,"href":"https:\/\/cmu.edu.jm\/fr\/wp-json\/wp\/v2\/comments?post=1130"}],"version-history":[{"count":3,"href":"https:\/\/cmu.edu.jm\/fr\/wp-json\/wp\/v2\/pages\/1130\/revisions"}],"predecessor-version":[{"id":1133,"href":"https:\/\/cmu.edu.jm\/fr\/wp-json\/wp\/v2\/pages\/1130\/revisions\/1133"}],"up":[{"embeddable":true,"href":"https:\/\/cmu.edu.jm\/fr\/wp-json\/wp\/v2\/pages\/1112"}],"wp:attachment":[{"href":"https:\/\/cmu.edu.jm\/fr\/wp-json\/wp\/v2\/media?parent=1130"}],"curies":[{"name":"wp","href":"https:\/\/api.w.org\/{rel}","templated":true}]}}