{"id":1139,"date":"2017-09-24T16:17:14","date_gmt":"2017-09-24T21:17:14","guid":{"rendered":"http:\/\/160.153.72.166\/~a244xepwj5q7\/formation\/bibliotheque\/using-the-library\/"},"modified":"2018-02-20T06:33:24","modified_gmt":"2018-02-20T11:33:24","slug":"acces-a-la-bibliotheque","status":"publish","type":"page","link":"https:\/\/cmu.edu.jm\/fr\/formation\/bibliotheque\/acces-a-la-bibliotheque\/","title":{"rendered":"Acc\u00e8s \u00e0 la biblioth\u00e8que"},"content":{"rendered":"[vc_row type=\u00a0\u00bbin_container\u00a0\u00bb full_screen_row_position=\u00a0\u00bbmiddle\u00a0\u00bb scene_position=\u00a0\u00bbcenter\u00a0\u00bb text_color=\u00a0\u00bbdark\u00a0\u00bb text_align=\u00a0\u00bbleft\u00a0\u00bb overlay_strength=\u00a0\u00bb0.3&Prime;][vc_column column_padding=\u00a0\u00bbno-extra-padding\u00a0\u00bb column_padding_position=\u00a0\u00bball\u00a0\u00bb background_color_opacity=\u00a0\u00bb1&Prime; background_hover_color_opacity=\u00a0\u00bb1&Prime; column_shadow=\u00a0\u00bbnone\u00a0\u00bb width=\u00a0\u00bb1\/4&Prime; tablet_text_alignment=\u00a0\u00bbdefault\u00a0\u00bb phone_text_alignment=\u00a0\u00bbdefault\u00a0\u00bb column_border_width=\u00a0\u00bbnone\u00a0\u00bb column_border_style=\u00a0\u00bbsolid\u00a0\u00bb][vc_wp_custommenu nav_menu=\u00a0\u00bb3&Prime; el_class=\u00a0\u00bbfloating-menu\u00a0\u00bb][\/vc_column][vc_column column_padding=\u00a0\u00bbno-extra-padding\u00a0\u00bb column_padding_position=\u00a0\u00bball\u00a0\u00bb background_color_opacity=\u00a0\u00bb1&Prime; background_hover_color_opacity=\u00a0\u00bb1&Prime; column_shadow=\u00a0\u00bbnone\u00a0\u00bb width=\u00a0\u00bb1\/2&Prime; tablet_text_alignment=\u00a0\u00bbdefault\u00a0\u00bb phone_text_alignment=\u00a0\u00bbdefault\u00a0\u00bb column_border_width=\u00a0\u00bbnone\u00a0\u00bb column_border_style=\u00a0\u00bbsolid\u00a0\u00bb][vc_custom_heading text=\u00a0\u00bbAcc\u00e8s \u00e0 la biblioth\u00e8que\u00a0\u00bb use_theme_fonts=\u00a0\u00bbyes\u00a0\u00bb][vc_column_text]Pour savoir si un livre est disponible \u00e0 la biblioth\u00e8que, vous devez effectuer des recherches \u00a0dans le catalogue informatis\u00e9 ou demander au personnel situ\u00e9 au comptoir de pr\u00eat. Le catalogue r\u00e9pertorie les livres d\u00e9tenus par la biblioth\u00e8que. Les \u00e9tag\u00e8res sont \u00e9tiquet\u00e9es, ce qui facilitera la recherche.[\/vc_column_text][\/vc_column][vc_column column_padding=\u00a0\u00bbno-extra-padding\u00a0\u00bb column_padding_position=\u00a0\u00bball\u00a0\u00bb background_color_opacity=\u00a0\u00bb1&Prime; background_hover_color_opacity=\u00a0\u00bb1&Prime; column_shadow=\u00a0\u00bbnone\u00a0\u00bb width=\u00a0\u00bb1\/4&Prime; tablet_text_alignment=\u00a0\u00bbdefault\u00a0\u00bb phone_text_alignment=\u00a0\u00bbdefault\u00a0\u00bb column_border_width=\u00a0\u00bbnone\u00a0\u00bb column_border_style=\u00a0\u00bbsolid\u00a0\u00bb][\/vc_column][\/vc_row][vc_row type=\u00a0\u00bbin_container\u00a0\u00bb full_screen_row_position=\u00a0\u00bbmiddle\u00a0\u00bb scene_position=\u00a0\u00bbcenter\u00a0\u00bb text_color=\u00a0\u00bbdark\u00a0\u00bb text_align=\u00a0\u00bbleft\u00a0\u00bb id=\u00a0\u00bbopening-hours\u00a0\u00bb overlay_strength=\u00a0\u00bb0.3&Prime;][vc_column column_padding=\u00a0\u00bbno-extra-padding\u00a0\u00bb column_padding_position=\u00a0\u00bball\u00a0\u00bb background_color_opacity=\u00a0\u00bb1&Prime; background_hover_color_opacity=\u00a0\u00bb1&Prime; column_shadow=\u00a0\u00bbnone\u00a0\u00bb width=\u00a0\u00bb1\/4&Prime; tablet_text_alignment=\u00a0\u00bbdefault\u00a0\u00bb phone_text_alignment=\u00a0\u00bbdefault\u00a0\u00bb column_border_width=\u00a0\u00bbnone\u00a0\u00bb column_border_style=\u00a0\u00bbsolid\u00a0\u00bb][\/vc_column][vc_column column_padding=\u00a0\u00bbno-extra-padding\u00a0\u00bb column_padding_position=\u00a0\u00bball\u00a0\u00bb background_color_opacity=\u00a0\u00bb1&Prime; background_hover_color_opacity=\u00a0\u00bb1&Prime; column_shadow=\u00a0\u00bbnone\u00a0\u00bb width=\u00a0\u00bb1\/2&Prime; tablet_text_alignment=\u00a0\u00bbdefault\u00a0\u00bb phone_text_alignment=\u00a0\u00bbdefault\u00a0\u00bb column_border_width=\u00a0\u00bbnone\u00a0\u00bb column_border_style=\u00a0\u00bbsolid\u00a0\u00bb][vc_custom_heading text=\u00a0\u00bbHeures d\u2019ouverture\u00a0\u00bb use_theme_fonts=\u00a0\u00bbyes\u00a0\u00bb][vc_column_text]\n<h3>Lundi \u2013 vendredi:\u00a0 \u00a0 \u00a0 \u00a0 \u00a07h\u00a0 \u2013 21h<br \/>\nSamedi:\u00a0 \u00a0 \u00a0 \u00a0 \u00a0 \u00a0 \u00a0 \u00a0 \u00a0 \u00a0 \u00a0 \u00a0 8h &#8211; 17h<br \/>\nDimanche:\u00a0 \u00a0 \u00a0 \u00a0 \u00a0 \u00a0 \u00a0 \u00a0 \u00a0 \u00a0 8h\u00a0\u2013 17h<\/h3>\n[\/vc_column_text][\/vc_column][vc_column column_padding=\u00a0\u00bbno-extra-padding\u00a0\u00bb column_padding_position=\u00a0\u00bball\u00a0\u00bb background_color_opacity=\u00a0\u00bb1&Prime; background_hover_color_opacity=\u00a0\u00bb1&Prime; column_shadow=\u00a0\u00bbnone\u00a0\u00bb width=\u00a0\u00bb1\/4&Prime; tablet_text_alignment=\u00a0\u00bbdefault\u00a0\u00bb phone_text_alignment=\u00a0\u00bbdefault\u00a0\u00bb column_border_width=\u00a0\u00bbnone\u00a0\u00bb column_border_style=\u00a0\u00bbsolid\u00a0\u00bb][\/vc_column][\/vc_row][vc_row type=\u00a0\u00bbin_container\u00a0\u00bb full_screen_row_position=\u00a0\u00bbmiddle\u00a0\u00bb scene_position=\u00a0\u00bbcenter\u00a0\u00bb text_color=\u00a0\u00bbdark\u00a0\u00bb text_align=\u00a0\u00bbleft\u00a0\u00bb id=\u00a0\u00bblibrary-rules\u00a0\u00bb overlay_strength=\u00a0\u00bb0.3&Prime;][vc_column column_padding=\u00a0\u00bbno-extra-padding\u00a0\u00bb column_padding_position=\u00a0\u00bball\u00a0\u00bb background_color_opacity=\u00a0\u00bb1&Prime; background_hover_color_opacity=\u00a0\u00bb1&Prime; column_shadow=\u00a0\u00bbnone\u00a0\u00bb width=\u00a0\u00bb1\/4&Prime; tablet_text_alignment=\u00a0\u00bbdefault\u00a0\u00bb phone_text_alignment=\u00a0\u00bbdefault\u00a0\u00bb column_border_width=\u00a0\u00bbnone\u00a0\u00bb column_border_style=\u00a0\u00bbsolid\u00a0\u00bb][\/vc_column][vc_column column_padding=\u00a0\u00bbno-extra-padding\u00a0\u00bb column_padding_position=\u00a0\u00bball\u00a0\u00bb background_color_opacity=\u00a0\u00bb1&Prime; background_hover_color_opacity=\u00a0\u00bb1&Prime; column_shadow=\u00a0\u00bbnone\u00a0\u00bb width=\u00a0\u00bb1\/2&Prime; tablet_text_alignment=\u00a0\u00bbdefault\u00a0\u00bb phone_text_alignment=\u00a0\u00bbdefault\u00a0\u00bb column_border_width=\u00a0\u00bbnone\u00a0\u00bb column_border_style=\u00a0\u00bbsolid\u00a0\u00bb][vc_custom_heading text=\u00a0\u00bbR\u00e8glement \u00a0\u00bb use_theme_fonts=\u00a0\u00bbyes\u00a0\u00bb][vc_column_text]Tous les lecteurs doivent se conformer aux instructions donn\u00e9es par le personnel de la biblioth\u00e8que habilit\u00e9 \u00e0 agir avec l&rsquo;autorisation de la biblioth\u00e9caire. Se comporter d&rsquo;une mani\u00e8re susceptible de nuire aux autres utilisateurs est une infraction (par exemple, \u00eatre indisciplin\u00e9, faire du bruit, \u00e9crire dans les livres, ou omettre syst\u00e9matiquement de rendre les livres \u00e0 la date pr\u00e9vue).<\/p>\n<p>Il est interdit de manger, boire, fumer et d\u2019utiliser des radios personnelles ou des lecteurs de cassettes. Les t\u00e9l\u00e9phones portables doivent \u00eatre mis en mode silencieux.<br \/>\nSi un utilisateur a commis une infraction (ainsi mentionn\u00e9e ci-dessus), ce dernier peut \u00eatre imm\u00e9diatement expuls\u00e9 de la biblioth\u00e8que et perdre le droit d&#8217;emprunter des livres. Il peut \u00eatre suspendu de tout empr\u00fbnt de mat\u00e9riel pour quelque temps ou, dans le cas de r\u00e9cidivistes, pour une p\u00e9riode d\u00e9termin\u00e9e.<\/p>\n<p>Dans le cas d&rsquo;une infraction grave (par ex. enl\u00e8vement non autoris\u00e9 ou d\u00e9t\u00e9rioration de livres et de biens de la biblioth\u00e8que ou comportement grossier et indisciplin\u00e9), le personnel de la biblioth\u00e8que, en plus d\u2019imposer les sanctions \u00e9num\u00e9r\u00e9es ci-dessus, peut:<\/p>\n<ul>\n<li>\n<h5>&#8211; exiger un paiement pour tout dommage ou toute perte<\/h5>\n<\/li>\n<li>\n<h5>&#8211; imposer une amende aux \u00e9tudiants et au personnel<\/h5>\n<\/li>\n<li>\n<h5>&#8211; envoyer un rapport \u00e9crit au Comit\u00e9 de discipline.<\/h5>\n<\/li>\n<\/ul>\n<p>Tous ordinateurs ou tout mat\u00e9riel audiovisuel utilis\u00e9s ne doivent pas d\u00e9ranger les autres. L&rsquo;\u00e9tude en groupe de quatre personnes \u00e0 une table et le tutorat discret d&rsquo;un ou deux \u00e9tudiants sont autoris\u00e9s.<\/p>\n<p>Le fait de s&rsquo;inscrire en tant que membre de la biblioth\u00e8que (que ce soit en cours d&rsquo;immatriculation ou autre) comporte l&rsquo;obligation l\u00e9gale de respecter les dispositions du R\u00e8glement g\u00e9n\u00e9ral de la biblioth\u00e8que.<\/p>\n<h4><em>SOINS DU MAT\u00c9RIEL<\/em><\/h4>\n<p>Veuillez:\u2022<\/p>\n<ul>\n<li>\n<h5>&#8211; ne pas d\u00e9t\u00e9riorer le mat\u00e9riel. Certains livres ont \u00e9t\u00e9 s\u00e9rieusement endommag\u00e9s.<\/h5>\n<\/li>\n<li>\n<h5>&#8211; ne pas placer vos coudes dans les livres. (Ces derniers sont particuli\u00e8rement vuln\u00e9rables)..<\/h5>\n<\/li>\n<li>\n<h5>&#8211; tourner les pages correctement en utilisant la couverture du\u00a0 haut \u00e0 droite.<\/h5>\n<\/li>\n<\/ul>\n<h4>BIENS PERSONNELS<\/h4>\n<p>Tous les sacs, \u00e0 l&rsquo;exception des petits sacs \u00e0 main, doivent \u00eatre laiss\u00e9s \u00e0 l\u2019emplacement pr\u00e9vu. La biblioth\u00e8que ne dispose d\u2019aucun espace pour les biens personnels des utilisateurs et n\u2019en sera en aucun cas responsable.[\/vc_column_text][\/vc_column][vc_column column_padding=\u00a0\u00bbno-extra-padding\u00a0\u00bb column_padding_position=\u00a0\u00bball\u00a0\u00bb background_color_opacity=\u00a0\u00bb1&Prime; background_hover_color_opacity=\u00a0\u00bb1&Prime; column_shadow=\u00a0\u00bbnone\u00a0\u00bb width=\u00a0\u00bb1\/4&Prime; tablet_text_alignment=\u00a0\u00bbdefault\u00a0\u00bb phone_text_alignment=\u00a0\u00bbdefault\u00a0\u00bb column_border_width=\u00a0\u00bbnone\u00a0\u00bb column_border_style=\u00a0\u00bbsolid\u00a0\u00bb][\/vc_column][\/vc_row]\n","protected":false},"excerpt":{"rendered":"<p>[vc_row type=\u00a0\u00bbin_container\u00a0\u00bb full_screen_row_position=\u00a0\u00bbmiddle\u00a0\u00bb scene_position=\u00a0\u00bbcenter\u00a0\u00bb text_color=\u00a0\u00bbdark\u00a0\u00bb text_align=\u00a0\u00bbleft\u00a0\u00bb overlay_strength=\u00a0\u00bb0.3&Prime;][vc_column column_padding=\u00a0\u00bbno-extra-padding\u00a0\u00bb column_padding_position=\u00a0\u00bball\u00a0\u00bb background_color_opacity=\u00a0\u00bb1&Prime; background_hover_color_opacity=\u00a0\u00bb1&Prime; column_shadow=\u00a0\u00bbnone\u00a0\u00bb width=\u00a0\u00bb1\/4&Prime; tablet_text_alignment=\u00a0\u00bbdefault\u00a0\u00bb phone_text_alignment=\u00a0\u00bbdefault\u00a0\u00bb column_border_width=\u00a0\u00bbnone\u00a0\u00bb column_border_style=\u00a0\u00bbsolid\u00a0\u00bb][vc_wp_custommenu nav_menu=\u00a0\u00bb3&Prime; el_class=\u00a0\u00bbfloating-menu\u00a0\u00bb][\/vc_column][vc_column column_padding=\u00a0\u00bbno-extra-padding\u00a0\u00bb column_padding_position=\u00a0\u00bball\u00a0\u00bb background_color_opacity=\u00a0\u00bb1&Prime; background_hover_color_opacity=\u00a0\u00bb1&Prime; column_shadow=\u00a0\u00bbnone\u00a0\u00bb width=\u00a0\u00bb1\/2&Prime; tablet_text_alignment=\u00a0\u00bbdefault\u00a0\u00bb phone_text_alignment=\u00a0\u00bbdefault\u00a0\u00bb column_border_width=\u00a0\u00bbnone\u00a0\u00bb column_border_style=\u00a0\u00bbsolid\u00a0\u00bb][vc_custom_heading text=\u00a0\u00bbAcc\u00e8s&#8230;<\/p>\n","protected":false},"author":8,"featured_media":0,"parent":1082,"menu_order":0,"comment_status":"closed","ping_status":"closed","template":"","meta":{"footnotes":""},"aioseo_notices":[],"_links":{"self":[{"href":"https:\/\/cmu.edu.jm\/fr\/wp-json\/wp\/v2\/pages\/1139"}],"collection":[{"href":"https:\/\/cmu.edu.jm\/fr\/wp-json\/wp\/v2\/pages"}],"about":[{"href":"https:\/\/cmu.edu.jm\/fr\/wp-json\/wp\/v2\/types\/page"}],"author":[{"embeddable":true,"href":"https:\/\/cmu.edu.jm\/fr\/wp-json\/wp\/v2\/users\/8"}],"replies":[{"embeddable":true,"href":"https:\/\/cmu.edu.jm\/fr\/wp-json\/wp\/v2\/comments?post=1139"}],"version-history":[{"count":3,"href":"https:\/\/cmu.edu.jm\/fr\/wp-json\/wp\/v2\/pages\/1139\/revisions"}],"predecessor-version":[{"id":1142,"href":"https:\/\/cmu.edu.jm\/fr\/wp-json\/wp\/v2\/pages\/1139\/revisions\/1142"}],"up":[{"embeddable":true,"href":"https:\/\/cmu.edu.jm\/fr\/wp-json\/wp\/v2\/pages\/1082"}],"wp:attachment":[{"href":"https:\/\/cmu.edu.jm\/fr\/wp-json\/wp\/v2\/media?parent=1139"}],"curies":[{"name":"wp","href":"https:\/\/api.w.org\/{rel}","templated":true}]}}