{"id":3645,"date":"2022-09-12T09:49:28","date_gmt":"2022-09-12T14:49:28","guid":{"rendered":"https:\/\/cmu.edu.jm\/a-propos-de-cmu\/bureau-du-president\/cmu-president\/"},"modified":"2024-05-14T12:55:30","modified_gmt":"2024-05-14T17:55:30","slug":"cmu-president","status":"publish","type":"page","link":"https:\/\/cmu.edu.jm\/fr\/a-propos-de-cmu\/bureau-du-president\/cmu-president\/","title":{"rendered":"CMU &#8211; President"},"content":{"rendered":"[vc_row type=\u00a0\u00bbin_container\u00a0\u00bb full_screen_row_position=\u00a0\u00bbmiddle\u00a0\u00bb scene_position=\u00a0\u00bbcenter\u00a0\u00bb text_color=\u00a0\u00bbdark\u00a0\u00bb text_align=\u00a0\u00bbleft\u00a0\u00bb overlay_strength=\u00a0\u00bb0.3&Prime;][vc_column column_padding=\u00a0\u00bbno-extra-padding\u00a0\u00bb column_padding_position=\u00a0\u00bball\u00a0\u00bb background_color_opacity=\u00a0\u00bb1&Prime; background_hover_color_opacity=\u00a0\u00bb1&Prime; column_shadow=\u00a0\u00bbnone\u00a0\u00bb width=\u00a0\u00bb1\/4&Prime; tablet_text_alignment=\u00a0\u00bbdefault\u00a0\u00bb phone_text_alignment=\u00a0\u00bbdefault\u00a0\u00bb column_border_width=\u00a0\u00bbnone\u00a0\u00bb column_border_style=\u00a0\u00bbsolid\u00a0\u00bb]<div class=\"img-with-aniamtion-wrap \" data-max-width=\"100%\"><div class=\"inner\"><img loading=\"lazy\" decoding=\"async\" data-shadow=\"none\" data-shadow-direction=\"middle\" class=\"img-with-animation \" data-delay=\"0\" height=\"2560\" width=\"2560\" data-animation=\"none\" src=\"https:\/\/cmu.edu.jm\/wp-content\/uploads\/2022\/09\/Andrew-Spencer-Profile-NEW-scaled.jpg\" srcset=\"https:\/\/cmu.edu.jm\/wp-content\/uploads\/2022\/09\/Andrew-Spencer-Profile-NEW-scaled.jpg 2560w, https:\/\/cmu.edu.jm\/wp-content\/uploads\/2022\/09\/Andrew-Spencer-Profile-NEW-300x300.jpg 300w, https:\/\/cmu.edu.jm\/wp-content\/uploads\/2022\/09\/Andrew-Spencer-Profile-NEW-1024x1024.jpg 1024w, https:\/\/cmu.edu.jm\/wp-content\/uploads\/2022\/09\/Andrew-Spencer-Profile-NEW-150x150.jpg 150w, https:\/\/cmu.edu.jm\/wp-content\/uploads\/2022\/09\/Andrew-Spencer-Profile-NEW-768x768.jpg 768w, https:\/\/cmu.edu.jm\/wp-content\/uploads\/2022\/09\/Andrew-Spencer-Profile-NEW-1536x1536.jpg 1536w, https:\/\/cmu.edu.jm\/wp-content\/uploads\/2022\/09\/Andrew-Spencer-Profile-NEW-2048x2048.jpg 2048w, https:\/\/cmu.edu.jm\/wp-content\/uploads\/2022\/09\/Andrew-Spencer-Profile-NEW-100x100.jpg 100w, https:\/\/cmu.edu.jm\/wp-content\/uploads\/2022\/09\/Andrew-Spencer-Profile-NEW-500x500.jpg 500w, https:\/\/cmu.edu.jm\/wp-content\/uploads\/2022\/09\/Andrew-Spencer-Profile-NEW-350x350.jpg 350w, https:\/\/cmu.edu.jm\/wp-content\/uploads\/2022\/09\/Andrew-Spencer-Profile-NEW-1000x1000.jpg 1000w\" sizes=\"100vw\" alt=\"\" \/><\/div><\/div>[\/vc_column][vc_column column_padding=\u00a0\u00bbno-extra-padding\u00a0\u00bb column_padding_position=\u00a0\u00bball\u00a0\u00bb background_color_opacity=\u00a0\u00bb1&Prime; background_hover_color_opacity=\u00a0\u00bb1&Prime; column_shadow=\u00a0\u00bbnone\u00a0\u00bb width=\u00a0\u00bb3\/4&Prime; tablet_text_alignment=\u00a0\u00bbdefault\u00a0\u00bb phone_text_alignment=\u00a0\u00bbdefault\u00a0\u00bb column_border_width=\u00a0\u00bbnone\u00a0\u00bb column_border_style=\u00a0\u00bbsolid\u00a0\u00bb][vc_column_text]<span style=\"color: #000000; font-size: 12pt;\"><strong>PROFESSOR ANDREW SPENCER<\/strong><\/span><\/p>\n<p class=\"western\" lang=\"en-GB\"><span style=\"color: #000000; font-size: 12pt;\"><strong><span style=\"font-family: Prompt, serif;\"><span lang=\"fr-FR\">PR<\/span><\/span><span style=\"font-family: Times New Roman, serif;\"><span lang=\"fr-FR\">\u00c9<\/span><\/span><span style=\"font-family: Prompt, serif;\"><span lang=\"fr-FR\">SIDENT<\/span><\/span><\/strong><\/span><\/p>\n<p class=\"western\" lang=\"en-GB\"><span style=\"color: #000000; font-size: 12pt;\"><span style=\"font-family: Prompt, serif;\"><span lang=\"fr-FR\">PROFIL<\/span><\/span><\/span><\/p>\n<p class=\"western\" lang=\"en-GB\"><span style=\"color: #676767; font-size: 12pt;\"><span style=\"font-family: inherit, serif;\"><span lang=\"fr-FR\">Le Professeur Andrew Spencer a rejoint la Caribbean Maritime University en tant que Pr\u00e9sident le 12 septembre 2022.<\/span><\/span><\/span><\/p>\n<p class=\"western\" lang=\"en-GB\"><span style=\"color: #676767; font-size: 12pt;\"><span style=\"font-family: Prompt, serif;\"><span lang=\"fr-FR\">Le Professeur Spencer a occup\u00e9 des postes de direction dans le milieu universitaire ainsi qu\u2019au sein\u00a0d\u2019entreprises dans la r\u00e9gion carib\u00e9enne. Plus r\u00e9cemment, il \u00e9tait Professeur et Directeur adjoint de l\u2019\u00e9cole de Commerce de Mona (Mona School of Business and Management) \u00e0 l\u2019Universit\u00e9 des Indes Occidentales (University of the West Indies (UWI)), Mona,\u00a0en responsabilit\u00e9 de tous les programmes de premier cycle.<\/span><\/span><\/span><\/p>\n<p class=\"western\" lang=\"en-GB\"><span style=\"color: #676767; font-size: 12pt;\"><span style=\"font-family: inherit, serif;\"><span lang=\"fr-FR\">Il fut le premier \u00e0 \u00eatre promu au rang de Professeur titulaire dans le domaine du tourisme \u00e0 UWI.<\/span><\/span><\/span><\/p>\n<p class=\"western\" lang=\"en-GB\"><span style=\"color: #676767; font-size: 12pt;\"><span style=\"font-family: inherit, serif;\"><span lang=\"fr-FR\">Sur une p\u00e9riode de quatre ans, le Professeur Spencer a occup\u00e9 le poste de Directeur Ex\u00e9cutif de la Tourism Product\u00a0Development Company Limited (TPDCo), l\u2019agence responsable de la maintenance, du d\u00e9veloppement et de la mise en valeur du produit touristique en Jama\u00efque, la plus grande agence du minist\u00e8re du Tourisme.<\/span><\/span><\/span><\/p>\n<p class=\"western\" lang=\"en-GB\"><span style=\"color: #676767; font-size: 12pt;\"><span style=\"font-family: inherit, serif;\"><span lang=\"fr-FR\">De 2013 \u00e0 2017, il a \u00e9galement rendu des services exceptionnels, en qualit\u00e9 de Directeur du Centre de gestion h\u00f4teli\u00e8re et touristique (CHTM), \u00e0 l\u2019Universit\u00e9 des Indes Occidentales de Nassau. aux Bahamas.<\/span><\/span><\/span><\/p>\n<p class=\"western\" lang=\"en-GB\"><span style=\"color: #676767; font-size: 12pt;\"><span style=\"font-family: inherit, serif;\"><span lang=\"fr-FR\">Titulaire d\u2019une licence (BSc) et maitrise (MSc.) en Gestion touristique de l\u2019Universit\u00e9 des Indes Occidentales, il a obtenu son doctorat en Strat\u00e9gie Touristique \u00e0 l\u2019Universit\u00e9 de Bournemouth au Royaume-Uni.<\/span><\/span><\/span><\/p>\n<p class=\"western\" lang=\"en-GB\"><span style=\"color: #676767; font-size: 12pt;\"><span style=\"font-family: inherit, serif;\"><span lang=\"fr-FR\">Le prix du Doctorant de l\u2019ann\u00e9e 2011-2012 de l\u2019Institute for Travel and Tourism (ITT) lui a \u00e9t\u00e9 d\u00e9cern\u00e9 par ITT Education and Training Committee, au Royaune-Uni.<\/span><\/span><\/span><\/p>\n<p class=\"western\" lang=\"en-GB\"><span style=\"color: #676767; font-size: 12pt;\"><span style=\"font-family: inherit, serif;\"><span lang=\"fr-FR\">Le parcours du Professeur Spencer fait \u00e9tat de plus de 50 publications scientifiques dont la parution de trois livres r\u00e9dig\u00e9s aux c\u00f4t\u00e9s d\u2019\u00e9diteurs de grande renomm\u00e9e internationale. Le Professeur Spencer a men\u00e9 de nombreuses consultations aupr\u00e8s des pays des Cara\u00efbes sur des questions li\u00e9es au d\u00e9veloppement du tourisme. Il a \u00e9t\u00e9 membre de 12 conseils d\u2019administration publics en Jama\u00efque ainsi que Pr\u00e9sident.<\/span><\/span><\/span><\/p>\n<p class=\"western\" lang=\"en-GB\"><span style=\"color: #676767; font-size: 12pt;\"><span style=\"font-family: inherit, serif;\"><span lang=\"fr-FR\">Actuellement pr\u00e9sident de la Caisse nationale d\u2019assurance (National Insurance Fund), commissaire de la Commission nationale de l\u2019eau (National Water Commission) et Directeur du Conseil universitaire de Jama\u00efque (University Council of Jamaica), il si\u00e8ge \u00e9galement aux conseils d\u2019administration du secteur priv\u00e9 d\u2019Express Catering Limited et Sandal Corporate University. Il est, en outre, Pr\u00e9sident de l\u2019association\u00a0de Wolmer\u2019s Old Boys\u2019 et membre du conseil d\u2019administration des \u00e9coles de gar\u00e7ons et de filles de Wolmer.<\/span><\/span><\/span><\/p>\n[\/vc_column_text][\/vc_column][\/vc_row]\n","protected":false},"excerpt":{"rendered":"<p>[vc_row type=\u00a0\u00bbin_container\u00a0\u00bb full_screen_row_position=\u00a0\u00bbmiddle\u00a0\u00bb scene_position=\u00a0\u00bbcenter\u00a0\u00bb text_color=\u00a0\u00bbdark\u00a0\u00bb text_align=\u00a0\u00bbleft\u00a0\u00bb overlay_strength=\u00a0\u00bb0.3&Prime;][vc_column column_padding=\u00a0\u00bbno-extra-padding\u00a0\u00bb column_padding_position=\u00a0\u00bball\u00a0\u00bb background_color_opacity=\u00a0\u00bb1&Prime; background_hover_color_opacity=\u00a0\u00bb1&Prime; column_shadow=\u00a0\u00bbnone\u00a0\u00bb width=\u00a0\u00bb1\/4&Prime; tablet_text_alignment=\u00a0\u00bbdefault\u00a0\u00bb phone_text_alignment=\u00a0\u00bbdefault\u00a0\u00bb column_border_width=\u00a0\u00bbnone\u00a0\u00bb column_border_style=\u00a0\u00bbsolid\u00a0\u00bb][\/vc_column][vc_column column_padding=\u00a0\u00bbno-extra-padding\u00a0\u00bb column_padding_position=\u00a0\u00bball\u00a0\u00bb background_color_opacity=\u00a0\u00bb1&Prime; background_hover_color_opacity=\u00a0\u00bb1&Prime; column_shadow=\u00a0\u00bbnone\u00a0\u00bb width=\u00a0\u00bb3\/4&Prime; tablet_text_alignment=\u00a0\u00bbdefault\u00a0\u00bb phone_text_alignment=\u00a0\u00bbdefault\u00a0\u00bb column_border_width=\u00a0\u00bbnone\u00a0\u00bb column_border_style=\u00a0\u00bbsolid\u00a0\u00bb][vc_column_text]PROFESSOR ANDREW SPENCER PR\u00c9SIDENT&#8230;<\/p>\n","protected":false},"author":8,"featured_media":0,"parent":1130,"menu_order":0,"comment_status":"closed","ping_status":"closed","template":"","meta":{"footnotes":""},"aioseo_notices":[],"_links":{"self":[{"href":"https:\/\/cmu.edu.jm\/fr\/wp-json\/wp\/v2\/pages\/3645"}],"collection":[{"href":"https:\/\/cmu.edu.jm\/fr\/wp-json\/wp\/v2\/pages"}],"about":[{"href":"https:\/\/cmu.edu.jm\/fr\/wp-json\/wp\/v2\/types\/page"}],"author":[{"embeddable":true,"href":"https:\/\/cmu.edu.jm\/fr\/wp-json\/wp\/v2\/users\/8"}],"replies":[{"embeddable":true,"href":"https:\/\/cmu.edu.jm\/fr\/wp-json\/wp\/v2\/comments?post=3645"}],"version-history":[{"count":1,"href":"https:\/\/cmu.edu.jm\/fr\/wp-json\/wp\/v2\/pages\/3645\/revisions"}],"predecessor-version":[{"id":3649,"href":"https:\/\/cmu.edu.jm\/fr\/wp-json\/wp\/v2\/pages\/3645\/revisions\/3649"}],"up":[{"embeddable":true,"href":"https:\/\/cmu.edu.jm\/fr\/wp-json\/wp\/v2\/pages\/1130"}],"wp:attachment":[{"href":"https:\/\/cmu.edu.jm\/fr\/wp-json\/wp\/v2\/media?parent=3645"}],"curies":[{"name":"wp","href":"https:\/\/api.w.org\/{rel}","templated":true}]}}